{"id":10,"date":"2020-09-15T06:48:15","date_gmt":"2020-09-15T06:48:15","guid":{"rendered":"https:\/\/mazojikaimene.lt\/?page_id=10"},"modified":"2023-04-04T23:55:32","modified_gmt":"2023-04-04T23:55:32","slug":"home","status":"publish","type":"page","link":"https:\/\/mazojikaimene.lt\/","title":{"rendered":"Pagrindinis"},"content":{"rendered":"\n<div class=\"wp-block-cover alignfull is-light\" style=\"min-height:583px;aspect-ratio:unset;\"><span aria-hidden=\"true\" class=\"wp-block-cover__background has-background-dim-30 has-background-dim\" style=\"background-color:#000000\"><\/span><img loading=\"lazy\" decoding=\"async\" width=\"2560\" height=\"1180\" class=\"wp-block-cover__image-background wp-image-314\" alt=\"\" src=\"https:\/\/mazojikaimene.lt\/wp-content\/uploads\/2022\/03\/20210731_173559-1-scaled.jpg\" style=\"object-position:0% 54%\" data-object-fit=\"cover\" data-object-position=\"0% 54%\" srcset=\"https:\/\/mazojikaimene.lt\/wp-content\/uploads\/2022\/03\/20210731_173559-1-scaled.jpg 2560w, https:\/\/mazojikaimene.lt\/wp-content\/uploads\/2022\/03\/20210731_173559-1-300x138.jpg 300w, https:\/\/mazojikaimene.lt\/wp-content\/uploads\/2022\/03\/20210731_173559-1-1024x472.jpg 1024w, https:\/\/mazojikaimene.lt\/wp-content\/uploads\/2022\/03\/20210731_173559-1-768x354.jpg 768w, https:\/\/mazojikaimene.lt\/wp-content\/uploads\/2022\/03\/20210731_173559-1-1536x708.jpg 1536w, https:\/\/mazojikaimene.lt\/wp-content\/uploads\/2022\/03\/20210731_173559-1-2048x944.jpg 2048w\" sizes=\"auto, (max-width: 2560px) 100vw, 2560px\" \/><div class=\"wp-block-cover__inner-container is-layout-flow wp-block-cover-is-layout-flow\">\n<h3 class=\"wp-block-heading has-text-align-center has-text-color\" style=\"color:#ffffff\">Krik\u0161\u010dioni\u0161ka komuna kaime<\/h3>\n\n\n\n<hr class=\"wp-block-separator has-text-color has-css-opacity has-background aligncenter\" style=\"background-color:#ffffff;color:#ffffff\"\/>\n\n\n\n<h1 class=\"wp-block-heading has-text-align-center has-text-color\" style=\"color:#ffffff\">&#8220;Ma\u017eoji kaimen\u0117&#8221;<\/h1>\n\n\n\n<div class=\"wp-block-buttons is-horizontal is-content-justification-center is-layout-flex wp-container-core-buttons-is-layout-03627597 wp-block-buttons-is-layout-flex\"><\/div>\n<\/div><\/div>\n\n\n\n<div class=\"wp-block-group alignfull has-ast-global-color-4-background-color has-background is-layout-flow wp-block-group-is-layout-flow\">\n<p class=\"has-text-align-center\">                                                                 &#8220;Nebijok, ma\u017eoji kaimene: j\u016bs\u0173 T\u0117vas panor\u0117jo atiduoti jums karalyst\u0119!&#8221;     Evangelija pagal Luk\u0105 12:32<\/p>\n<\/div>\n\n\n\n<div class=\"wp-block-group alignfull has-ast-global-color-5-background-color has-background is-layout-flow wp-block-group-is-layout-flow\">\n<h2 class=\"wp-block-heading has-text-align-center\">kas mes ?<\/h2>\n\n\n\n<p class=\"has-text-align-center\">                                                                                                  <strong>Krik\u0161\u010dionys &#8211; \u017emon\u0117s, kuri\u0173 \u0161eimininkas Kristus<\/strong><\/p>\n\n\n\n<p class=\"has-text-align-center\">                                                                                                   <strong>Komuna &#8211; \u017emon\u0117s, gyvenantys bendruomeni\u0161ka<\/strong>i<\/p>\n\n\n\n<p class=\"has-text-align-center\">                                                                                                   <strong>Kaime &#8211;  \u017emon\u0117s, kurie vertina Dievo k\u016brinij\u0105<\/strong><\/p>\n\n\n\n<div class=\"wp-block-columns alignwide is-layout-flex wp-container-core-columns-is-layout-28f84493 wp-block-columns-is-layout-flex\">\n<div class=\"wp-block-column is-layout-flow wp-block-column-is-layout-flow\">\n<div class=\"wp-block-group is-layout-flow wp-block-group-is-layout-flow\">\n<figure class=\"wp-block-image aligncenter size-large\"><img loading=\"lazy\" decoding=\"async\" width=\"1024\" height=\"576\" src=\"https:\/\/mazojikaimene.lt\/wp-content\/uploads\/2022\/03\/photo_2022-03-11_11-41-46-1024x576.jpg\" alt=\"\" class=\"wp-image-176\" srcset=\"https:\/\/mazojikaimene.lt\/wp-content\/uploads\/2022\/03\/photo_2022-03-11_11-41-46-1024x576.jpg 1024w, https:\/\/mazojikaimene.lt\/wp-content\/uploads\/2022\/03\/photo_2022-03-11_11-41-46-300x169.jpg 300w, https:\/\/mazojikaimene.lt\/wp-content\/uploads\/2022\/03\/photo_2022-03-11_11-41-46-768x432.jpg 768w, https:\/\/mazojikaimene.lt\/wp-content\/uploads\/2022\/03\/photo_2022-03-11_11-41-46.jpg 1280w\" sizes=\"auto, (max-width: 1024px) 100vw, 1024px\" \/><\/figure>\n\n\n\n<h3 class=\"wp-block-heading has-text-align-center\">KUR MES ?<\/h3>\n\n\n\n<p class=\"has-text-align-center\">Kuriam\u0117s gra\u017eiame sklype prie pu\u0161\u0173 mi\u0161ko su mink\u0161ta saman\u0173 paklote. \u0160alia e\u017eeras. Auk\u0161taitijos nacionaliniame parke, netoli Ignalinos miestelio. <\/p>\n\n\n\n<figure class=\"wp-block-image size-large\"><img loading=\"lazy\" decoding=\"async\" width=\"576\" height=\"1024\" src=\"https:\/\/mazojikaimene.lt\/wp-content\/uploads\/2022\/03\/photo_2022-03-11_11-43-33-576x1024.jpg\" alt=\"\" class=\"wp-image-179\" srcset=\"https:\/\/mazojikaimene.lt\/wp-content\/uploads\/2022\/03\/photo_2022-03-11_11-43-33-576x1024.jpg 576w, https:\/\/mazojikaimene.lt\/wp-content\/uploads\/2022\/03\/photo_2022-03-11_11-43-33-169x300.jpg 169w, https:\/\/mazojikaimene.lt\/wp-content\/uploads\/2022\/03\/photo_2022-03-11_11-43-33.jpg 720w\" sizes=\"auto, (max-width: 576px) 100vw, 576px\" \/><\/figure>\n\n\n\n<div class=\"wp-block-buttons is-horizontal is-content-justification-center is-layout-flex wp-container-core-buttons-is-layout-03627597 wp-block-buttons-is-layout-flex\"><\/div>\n<\/div>\n<\/div>\n\n\n\n<div class=\"wp-block-column is-layout-flow wp-block-column-is-layout-flow\">\n<div class=\"wp-block-group is-layout-flow wp-block-group-is-layout-flow\">\n<figure class=\"wp-block-image aligncenter size-large\"><img loading=\"lazy\" decoding=\"async\" width=\"1024\" height=\"1024\" src=\"https:\/\/mazojikaimene.lt\/wp-content\/uploads\/2022\/03\/photo_2022-03-11_11-18-20-1024x1024.jpg\" alt=\"\" class=\"wp-image-169\" srcset=\"https:\/\/mazojikaimene.lt\/wp-content\/uploads\/2022\/03\/photo_2022-03-11_11-18-20-1024x1024.jpg 1024w, https:\/\/mazojikaimene.lt\/wp-content\/uploads\/2022\/03\/photo_2022-03-11_11-18-20-300x300.jpg 300w, https:\/\/mazojikaimene.lt\/wp-content\/uploads\/2022\/03\/photo_2022-03-11_11-18-20-150x150.jpg 150w, https:\/\/mazojikaimene.lt\/wp-content\/uploads\/2022\/03\/photo_2022-03-11_11-18-20-768x768.jpg 768w, https:\/\/mazojikaimene.lt\/wp-content\/uploads\/2022\/03\/photo_2022-03-11_11-18-20.jpg 1280w\" sizes=\"auto, (max-width: 1024px) 100vw, 1024px\" \/><\/figure>\n\n\n\n<h5 class=\"wp-block-heading has-text-align-center\"><\/h5>\n\n\n\n<p class=\"has-text-align-center\">Vyksta mi\u0161ko tvarkymo darbai, dirbamos \u017eem\u0117s ruo\u0161imas&#8230;<\/p>\n\n\n\n<figure class=\"wp-block-image size-large\"><img loading=\"lazy\" decoding=\"async\" width=\"1024\" height=\"471\" src=\"https:\/\/mazojikaimene.lt\/wp-content\/uploads\/2022\/03\/photo_2022-03-11_11-45-18-1024x471.jpg\" alt=\"\" class=\"wp-image-180\" srcset=\"https:\/\/mazojikaimene.lt\/wp-content\/uploads\/2022\/03\/photo_2022-03-11_11-45-18-1024x471.jpg 1024w, https:\/\/mazojikaimene.lt\/wp-content\/uploads\/2022\/03\/photo_2022-03-11_11-45-18-300x138.jpg 300w, https:\/\/mazojikaimene.lt\/wp-content\/uploads\/2022\/03\/photo_2022-03-11_11-45-18-768x353.jpg 768w, https:\/\/mazojikaimene.lt\/wp-content\/uploads\/2022\/03\/photo_2022-03-11_11-45-18.jpg 1280w\" sizes=\"auto, (max-width: 1024px) 100vw, 1024px\" \/><\/figure>\n\n\n\n<div class=\"wp-block-buttons is-horizontal is-content-justification-center is-layout-flex wp-container-core-buttons-is-layout-03627597 wp-block-buttons-is-layout-flex\"><\/div>\n<\/div>\n<\/div>\n<\/div>\n<\/div>\n\n\n\n<div class=\"wp-block-cover alignfull has-parallax\" style=\"min-height:600px;aspect-ratio:unset;\"><span aria-hidden=\"true\" class=\"wp-block-cover__background has-background-dim-40 has-background-dim\" style=\"background-color:#000000\"><\/span><div role=\"img\" class=\"wp-block-cover__image-background wp-image-298 has-parallax\" style=\"background-position:50% 50%;background-image:url(https:\/\/mazojikaimene.lt\/wp-content\/uploads\/2022\/03\/20200629_200414-scaled.jpg)\"><\/div><div class=\"wp-block-cover__inner-container is-layout-flow wp-block-cover-is-layout-flow\">\n<div class=\"wp-block-columns alignwide are-vertically-aligned-center is-layout-flex wp-container-core-columns-is-layout-28f84493 wp-block-columns-is-layout-flex\">\n<div class=\"wp-block-column is-vertically-aligned-center is-layout-flow wp-block-column-is-layout-flow\"><\/div>\n\n\n\n<div class=\"wp-block-column is-vertically-aligned-center is-layout-flow wp-block-column-is-layout-flow\">\n<h2 class=\"wp-block-heading has-text-color\" style=\"color:#ffffff\">KVIE\u010cIAME susipa\u017einti ir PRISIJUNGTI !!!<\/h2>\n\n\n\n<hr class=\"wp-block-separator has-text-color has-css-opacity has-background is-style-wide\" style=\"background-color:#ffffff;color:#ffffff\"\/>\n\n\n\n<p class=\"has-text-color\" style=\"color:#ffffff\">Prasideda statybos, \u0161\u012f pavasar\u012f atsikrausto pirma \u0161eima su vaikais. Po truput\u012f \u012fsik\u016brin\u0117sime. Kvie\u010diame bendramin\u010dius su atvira \u0161irdimi Dievui, kurie nori ir gali eiti kartu! <\/p>\n\n\n\n<p class=\"has-text-color\" style=\"color:#ffffff\">Para\u0161ykite mums: info@mazojikaimene.lt<\/p>\n\n\n\n<div class=\"wp-block-buttons is-layout-flex wp-block-buttons-is-layout-flex\"><\/div>\n<\/div>\n<\/div>\n<\/div><\/div>\n\n\n\n<div class=\"wp-block-group alignfull has-white-background-color has-background is-layout-flow wp-block-group-is-layout-flow\">\n<div class=\"wp-block-columns alignwide are-vertically-aligned-center is-layout-flex wp-container-core-columns-is-layout-28f84493 wp-block-columns-is-layout-flex\">\n<div class=\"wp-block-column is-vertically-aligned-center is-layout-flow wp-block-column-is-layout-flow\" style=\"flex-basis:33.33%\">\n<h2 class=\"wp-block-heading\">statybos<\/h2>\n\n\n\n<p>Nusprend\u0117me statytis kokybi\u0161kus kilnojamus karkasinius namus, kuriuos galima b\u016bt\u0173 atskirti \u012f kelis modulius ir nesunkiai perkelti, pasikeitus aplinkyb\u0117ms.<\/p>\n\n\n\n<div class=\"wp-block-buttons is-layout-flex wp-block-buttons-is-layout-flex\"><\/div>\n<\/div>\n\n\n\n<div class=\"wp-block-column is-vertically-aligned-center is-layout-flow wp-block-column-is-layout-flow\" style=\"flex-basis:66.66%\">\n<div class=\"wp-block-group is-layout-flow wp-block-group-is-layout-flow\">\n<div class=\"wp-block-columns is-layout-flex wp-container-core-columns-is-layout-28f84493 wp-block-columns-is-layout-flex\">\n<div class=\"wp-block-column is-layout-flow wp-block-column-is-layout-flow\" style=\"flex-basis:100%\">\n<div class=\"wp-block-group is-layout-flow wp-block-group-is-layout-flow\">\n<figure class=\"wp-block-gallery has-nested-images columns-2 wp-block-gallery-1 is-layout-flex wp-block-gallery-is-layout-flex\">\n<figure class=\"wp-block-image size-large\"><img loading=\"lazy\" decoding=\"async\" width=\"1024\" height=\"1024\" data-id=\"296\" src=\"https:\/\/mazojikaimene.lt\/wp-content\/uploads\/2022\/03\/photo_2022-03-11_11-34-13-4-1024x1024.jpg\" alt=\"\" class=\"wp-image-296\" srcset=\"https:\/\/mazojikaimene.lt\/wp-content\/uploads\/2022\/03\/photo_2022-03-11_11-34-13-4-1024x1024.jpg 1024w, https:\/\/mazojikaimene.lt\/wp-content\/uploads\/2022\/03\/photo_2022-03-11_11-34-13-4-300x300.jpg 300w, https:\/\/mazojikaimene.lt\/wp-content\/uploads\/2022\/03\/photo_2022-03-11_11-34-13-4-150x150.jpg 150w, https:\/\/mazojikaimene.lt\/wp-content\/uploads\/2022\/03\/photo_2022-03-11_11-34-13-4-768x768.jpg 768w, https:\/\/mazojikaimene.lt\/wp-content\/uploads\/2022\/03\/photo_2022-03-11_11-34-13-4.jpg 1280w\" sizes=\"auto, (max-width: 1024px) 100vw, 1024px\" \/><\/figure>\n\n\n\n<figure class=\"wp-block-image size-large\"><img loading=\"lazy\" decoding=\"async\" width=\"1024\" height=\"1024\" data-id=\"171\" src=\"https:\/\/mazojikaimene.lt\/wp-content\/uploads\/2022\/03\/photo_2022-03-11_11-34-07-1024x1024.jpg\" alt=\"\" class=\"wp-image-171\" srcset=\"https:\/\/mazojikaimene.lt\/wp-content\/uploads\/2022\/03\/photo_2022-03-11_11-34-07-1024x1024.jpg 1024w, https:\/\/mazojikaimene.lt\/wp-content\/uploads\/2022\/03\/photo_2022-03-11_11-34-07-300x300.jpg 300w, https:\/\/mazojikaimene.lt\/wp-content\/uploads\/2022\/03\/photo_2022-03-11_11-34-07-150x150.jpg 150w, https:\/\/mazojikaimene.lt\/wp-content\/uploads\/2022\/03\/photo_2022-03-11_11-34-07-768x768.jpg 768w, https:\/\/mazojikaimene.lt\/wp-content\/uploads\/2022\/03\/photo_2022-03-11_11-34-07.jpg 1280w\" sizes=\"auto, (max-width: 1024px) 100vw, 1024px\" \/><\/figure>\n\n\n\n<figure class=\"wp-block-image size-large\"><img loading=\"lazy\" decoding=\"async\" width=\"1024\" height=\"472\" data-id=\"183\" src=\"https:\/\/mazojikaimene.lt\/wp-content\/uploads\/2022\/03\/photo_2022-02-15_21-27-37-1-1024x472.jpg\" alt=\"\" class=\"wp-image-183\" srcset=\"https:\/\/mazojikaimene.lt\/wp-content\/uploads\/2022\/03\/photo_2022-02-15_21-27-37-1-1024x472.jpg 1024w, https:\/\/mazojikaimene.lt\/wp-content\/uploads\/2022\/03\/photo_2022-02-15_21-27-37-1-300x138.jpg 300w, https:\/\/mazojikaimene.lt\/wp-content\/uploads\/2022\/03\/photo_2022-02-15_21-27-37-1-768x354.jpg 768w, https:\/\/mazojikaimene.lt\/wp-content\/uploads\/2022\/03\/photo_2022-02-15_21-27-37-1.jpg 1280w\" sizes=\"auto, (max-width: 1024px) 100vw, 1024px\" \/><\/figure>\n\n\n\n<figure class=\"wp-block-image size-large\"><img loading=\"lazy\" decoding=\"async\" width=\"1024\" height=\"515\" data-id=\"234\" src=\"https:\/\/mazojikaimene.lt\/wp-content\/uploads\/2022\/03\/photo_2022-03-11_16-07-34-1024x515.jpg\" alt=\"\" class=\"wp-image-234\" srcset=\"https:\/\/mazojikaimene.lt\/wp-content\/uploads\/2022\/03\/photo_2022-03-11_16-07-34-1024x515.jpg 1024w, https:\/\/mazojikaimene.lt\/wp-content\/uploads\/2022\/03\/photo_2022-03-11_16-07-34-300x151.jpg 300w, https:\/\/mazojikaimene.lt\/wp-content\/uploads\/2022\/03\/photo_2022-03-11_16-07-34-768x386.jpg 768w, https:\/\/mazojikaimene.lt\/wp-content\/uploads\/2022\/03\/photo_2022-03-11_16-07-34.jpg 1146w\" sizes=\"auto, (max-width: 1024px) 100vw, 1024px\" \/><\/figure>\n<\/figure>\n<\/div>\n<\/div>\n<\/div>\n<\/div>\n<\/div>\n<\/div>\n<\/div>\n","protected":false},"excerpt":{"rendered":"<p>&#8220;Nebijok, ma\u017eoji kaimene: j\u016bs\u0173 T\u0117vas panor\u0117jo atiduoti jums karalyst\u0119!&#8221; Evangelija pagal Luk\u0105 12:32 kas mes ? Krik\u0161\u010dionys &#8211; \u017emon\u0117s, kuri\u0173 \u0161eimininkas Kristus Komuna &#8211; \u017emon\u0117s, gyvenantys bendruomeni\u0161kai Kaime &#8211; \u017emon\u0117s, kurie vertina Dievo k\u016brinij\u0105 KUR MES ? Kuriam\u0117s gra\u017eiame sklype prie pu\u0161\u0173 mi\u0161ko su mink\u0161ta saman\u0173 paklote. \u0160alia e\u017eeras. Auk\u0161taitijos nacionaliniame parke, netoli Ignalinos miestelio. [&hellip;]<\/p>\n","protected":false},"author":2,"featured_media":0,"parent":0,"menu_order":0,"comment_status":"closed","ping_status":"closed","template":"","meta":{"om_disable_all_campaigns":false,"_monsterinsights_skip_tracking":false,"_monsterinsights_sitenote_active":false,"_monsterinsights_sitenote_note":"","_monsterinsights_sitenote_category":0,"site-sidebar-layout":"no-sidebar","site-content-layout":"plain-container","ast-site-content-layout":"default","site-content-style":"default","site-sidebar-style":"default","ast-global-header-display":"","ast-banner-title-visibility":"","ast-main-header-display":"","ast-hfb-above-header-display":"","ast-hfb-below-header-display":"","ast-hfb-mobile-header-display":"","site-post-title":"disabled","ast-breadcrumbs-content":"","ast-featured-img":"","footer-sml-layout":"","ast-disable-related-posts":"","theme-transparent-header-meta":"enabled","adv-header-id-meta":"","stick-header-meta":"","header-above-stick-meta":"","header-main-stick-meta":"","header-below-stick-meta":"","astra-migrate-meta-layouts":"default","ast-page-background-enabled":"default","ast-page-background-meta":{"desktop":{"background-color":"","background-image":"","background-repeat":"repeat","background-position":"center center","background-size":"auto","background-attachment":"scroll","background-type":"","background-media":"","overlay-type":"","overlay-color":"","overlay-opacity":"","overlay-gradient":""},"tablet":{"background-color":"","background-image":"","background-repeat":"repeat","background-position":"center center","background-size":"auto","background-attachment":"scroll","background-type":"","background-media":"","overlay-type":"","overlay-color":"","overlay-opacity":"","overlay-gradient":""},"mobile":{"background-color":"","background-image":"","background-repeat":"repeat","background-position":"center center","background-size":"auto","background-attachment":"scroll","background-type":"","background-media":"","overlay-type":"","overlay-color":"","overlay-opacity":"","overlay-gradient":""}},"ast-content-background-meta":{"desktop":{"background-color":"var(--ast-global-color-5)","background-image":"","background-repeat":"repeat","background-position":"center center","background-size":"auto","background-attachment":"scroll","background-type":"","background-media":"","overlay-type":"","overlay-color":"","overlay-opacity":"","overlay-gradient":""},"tablet":{"background-color":"var(--ast-global-color-5)","background-image":"","background-repeat":"repeat","background-position":"center center","background-size":"auto","background-attachment":"scroll","background-type":"","background-media":"","overlay-type":"","overlay-color":"","overlay-opacity":"","overlay-gradient":""},"mobile":{"background-color":"var(--ast-global-color-5)","background-image":"","background-repeat":"repeat","background-position":"center center","background-size":"auto","background-attachment":"scroll","background-type":"","background-media":"","overlay-type":"","overlay-color":"","overlay-opacity":"","overlay-gradient":""}},"footnotes":""},"class_list":["post-10","page","type-page","status-publish","hentry"],"aioseo_notices":[],"_hostinger_reach_plugin_has_subscription_block":false,"_hostinger_reach_plugin_is_elementor":false,"_links":{"self":[{"href":"https:\/\/mazojikaimene.lt\/index.php?rest_route=\/wp\/v2\/pages\/10","targetHints":{"allow":["GET"]}}],"collection":[{"href":"https:\/\/mazojikaimene.lt\/index.php?rest_route=\/wp\/v2\/pages"}],"about":[{"href":"https:\/\/mazojikaimene.lt\/index.php?rest_route=\/wp\/v2\/types\/page"}],"author":[{"embeddable":true,"href":"https:\/\/mazojikaimene.lt\/index.php?rest_route=\/wp\/v2\/users\/2"}],"replies":[{"embeddable":true,"href":"https:\/\/mazojikaimene.lt\/index.php?rest_route=%2Fwp%2Fv2%2Fcomments&post=10"}],"version-history":[{"count":41,"href":"https:\/\/mazojikaimene.lt\/index.php?rest_route=\/wp\/v2\/pages\/10\/revisions"}],"predecessor-version":[{"id":405,"href":"https:\/\/mazojikaimene.lt\/index.php?rest_route=\/wp\/v2\/pages\/10\/revisions\/405"}],"wp:attachment":[{"href":"https:\/\/mazojikaimene.lt\/index.php?rest_route=%2Fwp%2Fv2%2Fmedia&parent=10"}],"curies":[{"name":"wp","href":"https:\/\/api.w.org\/{rel}","templated":true}]}}