{"id":7,"date":"2020-09-15T06:48:39","date_gmt":"2020-09-15T06:48:39","guid":{"rendered":"https:\/\/mazojikaimene.lt\/?page_id=7"},"modified":"2022-03-28T08:14:47","modified_gmt":"2022-03-28T08:14:47","slug":"projects","status":"publish","type":"page","link":"https:\/\/mazojikaimene.lt\/?page_id=7","title":{"rendered":"\u012fstatai, informacija"},"content":{"rendered":"\n<div class=\"wp-block-cover alignfull is-light\" style=\"min-height:550px;aspect-ratio:unset;\"><span aria-hidden=\"true\" class=\"has-background-dim-20 wp-block-cover__gradient-background has-background-dim\" style=\"background-color:#000000\"><\/span><img loading=\"lazy\" decoding=\"async\" width=\"2560\" height=\"1180\" class=\"wp-block-cover__image-background wp-image-329\" alt=\"\" src=\"https:\/\/mazojikaimene.lt\/wp-content\/uploads\/2022\/03\/20210731_173559-4-scaled.jpg\" style=\"object-position:3% 60%\" data-object-fit=\"cover\" data-object-position=\"3% 60%\" srcset=\"https:\/\/mazojikaimene.lt\/wp-content\/uploads\/2022\/03\/20210731_173559-4-scaled.jpg 2560w, https:\/\/mazojikaimene.lt\/wp-content\/uploads\/2022\/03\/20210731_173559-4-300x138.jpg 300w, https:\/\/mazojikaimene.lt\/wp-content\/uploads\/2022\/03\/20210731_173559-4-1024x472.jpg 1024w, https:\/\/mazojikaimene.lt\/wp-content\/uploads\/2022\/03\/20210731_173559-4-768x354.jpg 768w, https:\/\/mazojikaimene.lt\/wp-content\/uploads\/2022\/03\/20210731_173559-4-1536x708.jpg 1536w, https:\/\/mazojikaimene.lt\/wp-content\/uploads\/2022\/03\/20210731_173559-4-2048x944.jpg 2048w\" sizes=\"auto, (max-width: 2560px) 100vw, 2560px\" \/><div class=\"wp-block-cover__inner-container is-layout-flow wp-block-cover-is-layout-flow\">\n<h2 class=\"has-text-align-center wp-block-heading\"><mark style=\"background-color:rgba(0, 0, 0, 0)\" class=\"has-inline-color has-ast-global-color-4-color\"><strong>info@mazojikaimene.lt<\/strong><\/mark><\/h2>\n<\/div><\/div>\n\n\n\n<div class=\"wp-block-group alignfull has-white-background-color has-background is-layout-flow wp-block-group-is-layout-flow\">\n<figure class=\"wp-block-gallery has-nested-images columns-4 wp-block-gallery-1 is-layout-flex wp-block-gallery-is-layout-flex\">\n<figure class=\"wp-block-image size-large\"><img loading=\"lazy\" decoding=\"async\" width=\"1024\" height=\"576\" data-id=\"277\" src=\"https:\/\/mazojikaimene.lt\/wp-content\/uploads\/2022\/03\/photo_2022-03-11_11-41-46-3-1024x576.jpg\" alt=\"\" class=\"wp-image-277\" srcset=\"https:\/\/mazojikaimene.lt\/wp-content\/uploads\/2022\/03\/photo_2022-03-11_11-41-46-3-1024x576.jpg 1024w, https:\/\/mazojikaimene.lt\/wp-content\/uploads\/2022\/03\/photo_2022-03-11_11-41-46-3-300x169.jpg 300w, https:\/\/mazojikaimene.lt\/wp-content\/uploads\/2022\/03\/photo_2022-03-11_11-41-46-3-768x432.jpg 768w, https:\/\/mazojikaimene.lt\/wp-content\/uploads\/2022\/03\/photo_2022-03-11_11-41-46-3.jpg 1280w\" sizes=\"auto, (max-width: 1024px) 100vw, 1024px\" \/><\/figure>\n<\/figure>\n<\/div>\n\n\n\n<div class=\"wp-block-group alignfull has-ast-global-color-4-background-color has-background is-layout-flow wp-block-group-is-layout-flow\">\n<figure class=\"wp-block-gallery has-nested-images columns-4 wp-block-gallery-2 is-layout-flex wp-block-gallery-is-layout-flex\"><\/figure>\n<\/div>\n\n\n\n<h2 class=\"wp-block-heading\">info@mazojikaimene.lt<\/h2>\n\n\n\n<div class=\"wp-block-group alignfull has-white-background-color has-background is-layout-flow wp-block-group-is-layout-flow\">\n<p><strong><mark style=\"background-color:rgba(0, 0, 0, 0)\" class=\"has-inline-color has-ast-global-color-1-color\">LT<\/mark><\/strong><\/p>\n\n\n\n<p>Esame evangelinio tik\u0117jimo krik\u0161\u010dionys i\u0161 \u012fvairi\u0173 bendruomeni\u0173: sekminink\u0173 ir charizmati\u0161k\u0173. Dabar Vilniuje ir jo apylink\u0117se gyvename atskirai su \u0161eimomis. Kartu statome namus, ta\u010diau turime vizij\u0105 apie bendruomen\u0119, kurioje krik\u0161\u010dionys kartu ne\u0161t\u0173 gyvenimo na\u0161t\u0105, spr\u0119st\u0173 kasdienes problemas ir taip geriau pa\u017eint\u0173 vienas kit\u0105, b\u016bdami labiau priklausomi vienas nuo kito, augdami kartu Dievo pa\u017einime ir broli\u0161koje meil\u0117je. Prad\u0117jome jud\u0117ti \u0161ia kryptimi, ie\u0161kodami tam vietos ir galimybi\u0173 dar prie\u0161 prasidedant dabartiniams visuotiniams neramumams ir pandemijai. Dabar statome pirm\u0105j\u012f nam\u0105 ir ruo\u0161iam\u0117s kraustytis. Galvojame tur\u0117ti savo nam\u0173 \u016bk\u012f, kuriame b\u016bt\u0173 galima augintis maist\u0105.<\/p>\n\n\n\n<p>Trumpai tariant, m\u016bs\u0173 teologija kyla i\u0161 Evangelijos, o gyvenimo b\u016bd\u0105, kurio link dabar einame, galima apib\u016bdinti trimis \u017eod\u017eiais: krik\u0161\u010dioni\u0161ka bendruomen\u0117 kaime.<\/p>\n\n\n\n<p>Krik\u0161\u010dionys &#8211; \u017emon\u0117s, kuri\u0173 \u0161eimininkas yra Kristus.<\/p>\n\n\n\n<p>Komuna \u2013 bendruomeni\u0161kai gyvenantys \u017emon\u0117s<\/p>\n\n\n\n<p>Kaime &#8211; &nbsp;\u017emon\u0117s, kurie vertina Dievo k\u016brinij\u0105.<\/p>\n\n\n\n<p>Mes labiau akcentuojame \u017emogaus santyk\u012f su broliais praktikoje ir nesureik\u0161miname neesmini\u0173 teologini\u0173 skirtum\u0173. Suprantame, kad tik vienyb\u0117je Dievas mus ves ir mokys toliau. Tod\u0117l kvie\u010diame \u017emones, norin\u010dius palikti savo individualizm\u0105 ir i\u0161mokti gyventi kartu.<\/p>\n\n\n\n<h2 class=\"wp-block-heading\"><\/h2>\n\n\n\n<p><\/p>\n\n\n\n<p><\/p>\n\n\n\n<p><strong><mark style=\"background-color:rgba(0, 0, 0, 0)\" class=\"has-inline-color has-ast-global-color-1-color\">\u0420\u0423\u0421<\/mark><\/strong><\/p>\n\n\n\n<p>\u041c\u044b \u0445\u0440\u0438\u0441\u0442\u0438\u0430\u043d\u0435 \u0435\u0432\u0430\u043d\u0433\u0435\u043b\u044c\u0441\u043a\u043e\u0439 \u0432\u0435\u0440\u044b \u0438\u0437 \u0440\u0430\u0437\u043d\u044b\u0445 \u043e\u0431\u0449\u0438\u043d: \u043f\u044f\u0442\u0438\u0434\u0435\u0441\u044f\u0442\u043d\u0438\u0447\u0435\u0441\u043a\u0438\u0445 \u0438 \u0445\u0430\u0440\u0438\u0437\u043c\u0430\u0442\u0438\u0447\u0435\u0441\u043a\u0438\u0445. \u0421\u0435\u0439\u0447\u0430\u0441 \u043c\u044b \u0436\u0438\u0432\u0435\u043c \u0441\u043e \u0441\u0432\u043e\u0438\u043c\u0438 \u0441\u0435\u043c\u044c\u044f\u043c\u0438 \u043e\u0442\u0434\u0435\u043b\u044c\u043d\u043e \u0432 \u0412\u0438\u043b\u044c\u043d\u044e\u0441\u0435 \u0438 \u0435\u0433\u043e \u043e\u043a\u0440\u0435\u0441\u0442\u043d\u043e\u0441\u0442\u044f\u0445. \u0412\u043c\u0435\u0441\u0442\u0435 \u043c\u044b \u0441\u0442\u0440\u043e\u0438\u043c \u0434\u043e\u043c\u0430, \u043d\u043e \u0443 \u043d\u0430\u0441 \u0435\u0441\u0442\u044c \u0432\u0438\u0434\u0435\u043d\u0438\u0435 \u043e\u0431\u0449\u0438\u043d\u044b, \u0433\u0434\u0435 \u0445\u0440\u0438\u0441\u0442\u0438\u0430\u043d\u0435 \u043d\u0435\u0441\u043b\u0438 \u0431\u044b \u0431\u0440\u0435\u043c\u044f \u0441\u043e\u0432\u043c\u0435\u0441\u0442\u043d\u043e\u0439 \u0436\u0438\u0437\u043d\u0438, \u0440\u0435\u0448\u0430\u044f \u0431\u044b\u0442\u043e\u0432\u044b\u0435 \u043f\u0440\u043e\u0431\u043b\u0435\u043c\u044b \u0438, \u0442\u0430\u043a\u0438\u043c \u043e\u0431\u0440\u0430\u0437\u043e\u043c, \u043b\u0443\u0447\u0448\u0435 \u0443\u0437\u043d\u0430\u0432\u0430\u044f \u0434\u0440\u0443\u0433 \u0434\u0440\u0443\u0433\u0430 \u0438 \u0431\u044b\u043b\u0438 \u0431\u043e\u043b\u0435\u0435 \u0437\u0430\u0432\u0438\u0441\u0438\u043c\u044b \u0434\u0440\u0443\u0433 \u043e\u0442 \u0434\u0440\u0443\u0433\u0430, \u0432\u043e\u0437\u0440\u0430\u0441\u0442\u0430\u044f \u0432\u043c\u0435\u0441\u0442\u0435 \u0432 \u043f\u043e\u0437\u043d\u0430\u043d\u0438\u0438 \u0411\u043e\u0433\u0430 \u0438 \u0432 \u0431\u0440\u0430\u0442\u0441\u043a\u043e\u0439 \u043b\u044e\u0431\u0432\u0438. \u041c\u044b \u043d\u0430\u0447\u0430\u043b\u0438 \u0434\u0432\u0438\u0433\u0430\u0442\u044c\u0441\u044f \u0432 \u044d\u0442\u043e\u043c \u043d\u0430\u043f\u0440\u0430\u0432\u043b\u0435\u043d\u0438\u0438, \u0438\u0441\u043a\u0430\u043b\u0438 \u043c\u0435\u0441\u0442\u043e \u0438 \u0432\u043e\u0437\u043c\u043e\u0436\u043d\u043e\u0441\u0442\u0438 \u0434\u043b\u044f \u044d\u0442\u043e\u0433\u043e \u0435\u0449\u0435 \u0434\u043e \u0442\u043e\u0433\u043e, \u043a\u0430\u043a \u043d\u0430\u0447\u0430\u043b\u0438\u0441\u044c \u044d\u0442\u0438 \u043c\u0438\u0440\u043e\u0432\u044b\u0435 \u0432\u043e\u043b\u043d\u0435\u043d\u0438\u044f \u0438 \u043f\u0430\u043d\u0434\u0435\u043c\u0438\u044f. \u0421\u0435\u0439\u0447\u0430\u0441 \u043c\u044b \u0441\u0442\u0440\u043e\u0438\u043c \u043f\u0435\u0440\u0432\u044b\u0439 \u0434\u043e\u043c \u0438 \u0433\u043e\u0442\u043e\u0432\u0438\u043c\u0441\u044f \u043a \u0437\u0430\u0441\u0435\u043b\u0435\u043d\u0438\u044e. \u0414\u0443\u043c\u0430\u0435\u043c \u0438\u043c\u0435\u0442\u044c \u0441\u0432\u043e\u0451 \u0447\u043e\u0437\u044f\u0439\u0441\u0442\u0432\u043e \u0447\u0442\u043e\u0431\u044b \u043f\u0440\u043e\u0438\u0437\u0432\u043e\u0434\u0438\u0442\u044c \u043f\u0438\u0449\u0443.<\/p>\n\n\n\n<p>\u041a\u043e\u0440\u043e\u0447\u0435 \u0433\u043e\u0432\u043e\u0440\u044f, \u043d\u0430\u0448\u0435 \u0431\u043e\u0433\u043e\u0441\u043b\u043e\u0432\u0438\u0435 \u043f\u0440\u043e\u0438\u0441\u0442\u0435\u043a\u0430\u0435\u0442 \u0438\u0437 \u0415\u0432\u0430\u043d\u0433\u0435\u043b\u0438\u044f, \u0430 \u043e\u0431\u0440\u0430\u0437 \u0436\u0438\u0437\u043d\u0438, \u043a \u043a\u043e\u0442\u043e\u0440\u043e\u043c\u0443 \u043c\u044b \u0441\u0435\u0439\u0447\u0430\u0441 \u0438\u0434\u0435\u043c, \u043e\u043f\u0438\u0441\u044b\u0432\u0430\u0435\u0442\u0441\u044f \u0442\u0440\u0435\u043c\u044f \u0441\u043b\u043e\u0432\u0430\u043c\u0438: \u0445\u0440\u0438\u0441\u0442\u0438\u0430\u043d\u0441\u043a\u0430\u044f \u043a\u043e\u043c\u043c\u0443\u043d\u0430 \u0432 \u0434\u0435\u0440\u0435\u0432\u043d\u0435.<\/p>\n\n\n\n<p>\u0425\u0440\u0438\u0441\u0442\u0438\u0430\u043d\u0435 \u2014 \u044d\u0442\u043e \u043b\u044e\u0434\u0438, \u0447\u0435\u0439 \u0433\u043e\u0441\u043f\u043e\u0434\u0438\u043d \u2014 \u0425\u0440\u0438\u0441\u0442\u043e\u0441.<\/p>\n\n\n\n<p>\u041a\u043e\u043c\u043c\u0443\u043d\u0430 &#8211; \u043b\u044e\u0434\u0438, \u0436\u0438\u0432\u0443\u0449\u0438\u0435 \u0432 \u0441\u043e\u043e\u0431\u0449\u0435\u0441\u0442\u0432\u0435<\/p>\n\n\n\n<p>\u0412 \u0434\u0435\u0440\u0435\u0432\u043d\u0435 &#8211; \u043b\u044e\u0434\u0438, \u043a\u043e\u0442\u043e\u0440\u044b\u0435 \u0446\u0435\u043d\u044f\u0442 \u0411\u043e\u0436\u0438\u0435 \u0442\u0432\u043e\u0440\u0435\u043d\u0438\u0435.<\/p>\n\n\n\n<p>\u041c\u044b \u0443\u0434\u0435\u043b\u044f\u0435\u043c \u0431\u043e\u043b\u044c\u0448\u0435 \u0432\u043d\u0438\u043c\u0430\u043d\u0438\u044f \u0442\u043e\u043c\u0443, \u043a\u0430\u043a\u0438\u0435 \u0447\u0435\u043b\u043e\u0432\u0435\u043a \u0438\u043c\u0435\u0435\u0442 \u043e\u0442\u043d\u043e\u0448\u0435\u043d\u0438\u044f \u0441 \u0431\u0440\u0430\u0442\u044c\u044f\u043c\u0438 \u043d\u0430 \u043f\u0440\u0430\u043a\u0442\u0438\u043a\u0435, \u0447\u0435\u043c \u043d\u0435\u0441\u0443\u0449\u0435\u0441\u0442\u0432\u0435\u043d\u043d\u044b\u043c \u0431\u043e\u0433\u043e\u0441\u043b\u043e\u0432\u0441\u043a\u0438\u043c \u0440\u0430\u0437\u043b\u0438\u0447\u0438\u044f\u043c. \u0418 \u043c\u044b \u043f\u043e\u043d\u0438\u043c\u0430\u0435\u043c, \u0447\u0442\u043e \u0442\u043e\u043b\u044c\u043a\u043e \u0432 \u0435\u0434\u0438\u043d\u0441\u0442\u0432\u0435 \u0411\u043e\u0433 \u043d\u0430\u043f\u0440\u0430\u0432\u0438\u0442 \u043d\u0430\u0441 \u0438 \u043d\u0430\u0443\u0447\u0438\u0442 \u0434\u0430\u043b\u044c\u0448\u0435. \u041f\u043e\u044d\u0442\u043e\u043c\u0443 \u043f\u0440\u0438\u0433\u043b\u0430\u0448\u0430\u0435\u043c \u043b\u044e\u0434\u0435\u0439 , \u043a\u043e\u0442\u043e\u0440\u0438\u0435 \u0445\u043e\u0442\u044f\u0442 \u043e\u0441\u0442\u0430\u0432\u0438\u0442\u044c \u0441\u0432\u043e\u0439 \u0438\u043d\u0434\u0438\u0432\u0438\u0434\u0443\u0430\u043b\u0438\u0437\u043c \u0438 \u043d\u0430\u0443\u0447\u0438\u0442\u0441\u044f \u0436\u0438\u0442\u044c \u0432\u043c\u0435\u0441\u0442\u0435.<\/p>\n\n\n\n<h2 class=\"wp-block-heading\"><\/h2>\n\n\n\n<p><mark style=\"background-color:rgba(0, 0, 0, 0)\" class=\"has-inline-color has-ast-global-color-0-color\"><strong>ENG<\/strong><\/mark><\/p>\n\n\n\n<p>We are evangelical Christians of different denominations, such as Pentecostal and Charismatic. At present, we live with our families near Vilnius.&nbsp; We build houses and we have a vision of forming a community where Christians could together overcome the struggles of life, helping each other in practical ways, and by doing so, getting to know each other better and able to rely on each other.&nbsp; We want to grow together in our knowledge of God and in brotherly love.&nbsp; We started moving in the direction of our vision before the recent unrest in the world have started, such as the pandemic, looking for land and opportunities. Right now, we are building our first house and getting ready to move in. We are planning to have a smallholding, so we could produce food for ourselves.<\/p>\n\n\n\n<p>To put it short: Our theology comes from the Gospel, and our way of life, which we are pursuing, could be described in three words: Christian Community Village.<\/p>\n\n\n\n<p>Christians \u2013 people, whose Lord is Christ<\/p>\n\n\n\n<p>Community &#8211; people living as one society<\/p>\n\n\n\n<p>In a village &#8211; people who cherish God\u2019s creation<\/p>\n\n\n\n<p>We pay more attention to the kind of relationship people have with each other in real practical life, than to unimportant theological differences.&nbsp; We understand that only when we stay in unity God will direct us and teach us further.&nbsp; That\u2019s why we invite people, who would like to leave behind their individualism and learn how to live together.<\/p>\n\n\n\n<figure class=\"wp-block-gallery has-nested-images columns-4 wp-block-gallery-3 is-layout-flex wp-block-gallery-is-layout-flex\">\n<figure class=\"wp-block-image size-large\"><img loading=\"lazy\" decoding=\"async\" width=\"1024\" height=\"1024\" data-id=\"278\" src=\"https:\/\/mazojikaimene.lt\/wp-content\/uploads\/2022\/03\/photo_2022-03-11_11-18-20-2-1024x1024.jpg\" alt=\"\" class=\"wp-image-278\" srcset=\"https:\/\/mazojikaimene.lt\/wp-content\/uploads\/2022\/03\/photo_2022-03-11_11-18-20-2-1024x1024.jpg 1024w, https:\/\/mazojikaimene.lt\/wp-content\/uploads\/2022\/03\/photo_2022-03-11_11-18-20-2-300x300.jpg 300w, https:\/\/mazojikaimene.lt\/wp-content\/uploads\/2022\/03\/photo_2022-03-11_11-18-20-2-150x150.jpg 150w, https:\/\/mazojikaimene.lt\/wp-content\/uploads\/2022\/03\/photo_2022-03-11_11-18-20-2-768x768.jpg 768w, https:\/\/mazojikaimene.lt\/wp-content\/uploads\/2022\/03\/photo_2022-03-11_11-18-20-2.jpg 1280w\" sizes=\"auto, (max-width: 1024px) 100vw, 1024px\" \/><\/figure>\n<\/figure>\n<\/div>\n","protected":false},"excerpt":{"rendered":"<p>info@mazojikaimene.lt LT Esame evangelinio tik\u0117jimo krik\u0161\u010dionys i\u0161 \u012fvairi\u0173 bendruomeni\u0173: sekminink\u0173 ir charizmati\u0161k\u0173. Dabar Vilniuje ir jo apylink\u0117se gyvename atskirai su \u0161eimomis. Kartu statome namus, ta\u010diau turime vizij\u0105 apie bendruomen\u0119, kurioje krik\u0161\u010dionys kartu ne\u0161t\u0173 gyvenimo na\u0161t\u0105, spr\u0119st\u0173 kasdienes problemas ir taip geriau pa\u017eint\u0173 vienas kit\u0105, b\u016bdami labiau priklausomi vienas nuo kito, augdami kartu Dievo pa\u017einime ir [&hellip;]<\/p>\n","protected":false},"author":2,"featured_media":0,"parent":0,"menu_order":0,"comment_status":"closed","ping_status":"closed","template":"","meta":{"om_disable_all_campaigns":false,"_monsterinsights_skip_tracking":false,"_monsterinsights_sitenote_active":false,"_monsterinsights_sitenote_note":"","_monsterinsights_sitenote_category":0,"site-sidebar-layout":"no-sidebar","site-content-layout":"plain-container","ast-site-content-layout":"default","site-content-style":"default","site-sidebar-style":"default","ast-global-header-display":"","ast-banner-title-visibility":"","ast-main-header-display":"","ast-hfb-above-header-display":"","ast-hfb-below-header-display":"","ast-hfb-mobile-header-display":"","site-post-title":"disabled","ast-breadcrumbs-content":"","ast-featured-img":"","footer-sml-layout":"","ast-disable-related-posts":"","theme-transparent-header-meta":"enabled","adv-header-id-meta":"","stick-header-meta":"","header-above-stick-meta":"","header-main-stick-meta":"","header-below-stick-meta":"","astra-migrate-meta-layouts":"default","ast-page-background-enabled":"default","ast-page-background-meta":{"desktop":{"background-color":"","background-image":"","background-repeat":"repeat","background-position":"center center","background-size":"auto","background-attachment":"scroll","background-type":"","background-media":"","overlay-type":"","overlay-color":"","overlay-opacity":"","overlay-gradient":""},"tablet":{"background-color":"","background-image":"","background-repeat":"repeat","background-position":"center center","background-size":"auto","background-attachment":"scroll","background-type":"","background-media":"","overlay-type":"","overlay-color":"","overlay-opacity":"","overlay-gradient":""},"mobile":{"background-color":"","background-image":"","background-repeat":"repeat","background-position":"center center","background-size":"auto","background-attachment":"scroll","background-type":"","background-media":"","overlay-type":"","overlay-color":"","overlay-opacity":"","overlay-gradient":""}},"ast-content-background-meta":{"desktop":{"background-color":"var(--ast-global-color-5)","background-image":"","background-repeat":"repeat","background-position":"center center","background-size":"auto","background-attachment":"scroll","background-type":"","background-media":"","overlay-type":"","overlay-color":"","overlay-opacity":"","overlay-gradient":""},"tablet":{"background-color":"var(--ast-global-color-5)","background-image":"","background-repeat":"repeat","background-position":"center center","background-size":"auto","background-attachment":"scroll","background-type":"","background-media":"","overlay-type":"","overlay-color":"","overlay-opacity":"","overlay-gradient":""},"mobile":{"background-color":"var(--ast-global-color-5)","background-image":"","background-repeat":"repeat","background-position":"center center","background-size":"auto","background-attachment":"scroll","background-type":"","background-media":"","overlay-type":"","overlay-color":"","overlay-opacity":"","overlay-gradient":""}},"footnotes":""},"class_list":["post-7","page","type-page","status-publish","hentry"],"aioseo_notices":[],"_hostinger_reach_plugin_has_subscription_block":false,"_hostinger_reach_plugin_is_elementor":false,"_links":{"self":[{"href":"https:\/\/mazojikaimene.lt\/index.php?rest_route=\/wp\/v2\/pages\/7","targetHints":{"allow":["GET"]}}],"collection":[{"href":"https:\/\/mazojikaimene.lt\/index.php?rest_route=\/wp\/v2\/pages"}],"about":[{"href":"https:\/\/mazojikaimene.lt\/index.php?rest_route=\/wp\/v2\/types\/page"}],"author":[{"embeddable":true,"href":"https:\/\/mazojikaimene.lt\/index.php?rest_route=\/wp\/v2\/users\/2"}],"replies":[{"embeddable":true,"href":"https:\/\/mazojikaimene.lt\/index.php?rest_route=%2Fwp%2Fv2%2Fcomments&post=7"}],"version-history":[{"count":23,"href":"https:\/\/mazojikaimene.lt\/index.php?rest_route=\/wp\/v2\/pages\/7\/revisions"}],"predecessor-version":[{"id":399,"href":"https:\/\/mazojikaimene.lt\/index.php?rest_route=\/wp\/v2\/pages\/7\/revisions\/399"}],"wp:attachment":[{"href":"https:\/\/mazojikaimene.lt\/index.php?rest_route=%2Fwp%2Fv2%2Fmedia&parent=7"}],"curies":[{"name":"wp","href":"https:\/\/api.w.org\/{rel}","templated":true}]}}